{"id":7041,"date":"2024-04-08T21:33:16","date_gmt":"2024-04-08T19:33:16","guid":{"rendered":"https:\/\/plateformes-de-veille.org\/index.php\/produit\/market-intelligence-chapsvision\/"},"modified":"2024-04-08T22:25:20","modified_gmt":"2024-04-08T20:25:20","slug":"market-intelligence-chapsvision","status":"publish","type":"product","link":"https:\/\/plateformes-de-veille.org\/index.php\/produit\/market-intelligence-chapsvision\/","title":{"rendered":"Market Intelligence ChapsVision"},"content":{"rendered":"<p>Historique\u00a0: Acquisitions de plusieurs soci\u00e9t\u00e9 historiques afin de cr\u00e9er un leader europ\u00e9en de l&rsquo;intelligence \u00e9conomique<br \/>\nAtouts\u00a0: Tr\u00e8s large couverture fonctionnelle pour s&rsquo;adapter au besoin utilisateur \/ Forte capacit\u00e9s technologiques \/ Souverainet\u00e9 \/ Expertise m\u00e9tier<br \/>\nType d\u2019utilisateurs\u00a0: Veilleurs et analystes<br \/>\nD\u00e9veloppements futurs\u00a0: Int\u00e9gration des technologies IA et positionnement m\u00e9tier<\/p>\n","protected":false},"excerpt":{"rendered":"<p>Notre solution est une plateforme modulaire globale d&rsquo;intelligence \u00e9conomique souveraine, n\u00e9e du rapprochement de 3 leaders existants du march\u00e9 AMI EI, Qwam, et Geotrend. Notre plateforme offre ainsi une solution \u00e0 forte valeur technologique, b\u00e9n\u00e9ficiant d&rsquo;une couverture fonctionnelle tr\u00e8s large.<\/p>\n","protected":false},"featured_media":7042,"template":"","meta":[],"product_brand":[],"product_cat":[15],"product_tag":[],"class_list":{"0":"post-7041","1":"product","2":"type-product","3":"status-publish","4":"has-post-thumbnail","6":"product_cat-non-classe","8":"first","9":"instock","10":"shipping-taxable","11":"product-type-simple"},"_links":{"self":[{"href":"https:\/\/plateformes-de-veille.org\/index.php\/wp-json\/wp\/v2\/product\/7041","targetHints":{"allow":["GET"]}}],"collection":[{"href":"https:\/\/plateformes-de-veille.org\/index.php\/wp-json\/wp\/v2\/product"}],"about":[{"href":"https:\/\/plateformes-de-veille.org\/index.php\/wp-json\/wp\/v2\/types\/product"}],"wp:featuredmedia":[{"embeddable":true,"href":"https:\/\/plateformes-de-veille.org\/index.php\/wp-json\/wp\/v2\/media\/7042"}],"wp:attachment":[{"href":"https:\/\/plateformes-de-veille.org\/index.php\/wp-json\/wp\/v2\/media?parent=7041"}],"wp:term":[{"taxonomy":"product_brand","embeddable":true,"href":"https:\/\/plateformes-de-veille.org\/index.php\/wp-json\/wp\/v2\/product_brand?post=7041"},{"taxonomy":"product_cat","embeddable":true,"href":"https:\/\/plateformes-de-veille.org\/index.php\/wp-json\/wp\/v2\/product_cat?post=7041"},{"taxonomy":"product_tag","embeddable":true,"href":"https:\/\/plateformes-de-veille.org\/index.php\/wp-json\/wp\/v2\/product_tag?post=7041"}],"curies":[{"name":"wp","href":"https:\/\/api.w.org\/{rel}","templated":true}]}}