{"id":7040,"date":"2024-04-08T21:33:16","date_gmt":"2024-04-08T19:33:16","guid":{"rendered":"https:\/\/plateformes-de-veille.org\/index.php\/produit\/cikisi\/"},"modified":"2024-04-08T22:25:19","modified_gmt":"2024-04-08T20:25:19","slug":"cikisi","status":"publish","type":"product","link":"https:\/\/plateformes-de-veille.org\/index.php\/produit\/cikisi\/","title":{"rendered":"Cikisi"},"content":{"rendered":"<p>Historique\u00a0: La soci\u00e9t\u00e9 Cikisi a \u00e9t\u00e9 fond\u00e9e \u00e0 l&rsquo;initiative de Val\u00e9ry Mainjot, actuel CEO. Officier polytechnicien, membre des forces sp\u00e9ciales belges puis officier de r\u00e9serve au service de renseignement militaire, il a rejoint en 2010 la Fabrique Nationale de Herstal, leader mondial de l&rsquo;armement de petit calibre, o\u00f9 il y a mis sur pied la cellule de Market Intelligence en charge de la veille march\u00e9 et innovation ainsi que de la r\u00e9alisation des \u00e9tudes de march\u00e9 et des profils soci\u00e9t\u00e9s (concurrence, cible d&rsquo;acquisition, etc.)<br \/>\nVal\u00e9ry a rassembl\u00e9 quatre autres experts du renseignement d&rsquo;affaires ou du renseignement militaire afin de co-fonder la startup Cikisi en f\u00e9vrier 2016.<br \/>\nA ce jour, deux de ceux-ci sont encore actifs dans la soci\u00e9t\u00e9, J\u00e9r\u00f4me Collet au Conseil d&rsquo;Administration et Franck Di Liberto au d\u00e9veloppement des ventes internationales.<br \/>\nEntre 2016 et 2018, le principal effort de Cikisi a \u00e9t\u00e9 consacr\u00e9 \u00e0 un appel d&rsquo;offre des services de renseignement de l&rsquo;arm\u00e9e et de la police belges, portant sur la mise \u00e0 disposition d&rsquo;une plateforme OSINT-SOCMINT.<br \/>\nDans le cadre de ce projet, Cikisi a d\u00e9velopp\u00e9 des collecteurs Web et r\u00e9seaux sociaux tr\u00e8s sp\u00e9cifiques, int\u00e9gr\u00e9s dans la plateforme de renseignement de son partenaire ATOS MCS (ex Bull). Le march\u00e9 militaire OSINT\/SOCMINT s&rsquo;est effac\u00e9 au profit du march\u00e9 des logiciels li\u00e9s aux messageries crypt\u00e9es, Cikisi s&rsquo;est red\u00e9ploy\u00e9 sur le march\u00e9 civill.<br \/>\nA la mi 2017, Cikisi s&rsquo;est fait conna\u00eetre sur le march\u00e9 fran\u00e7ais avec une premi\u00e8re version de son logiciel de veille d\u00e9di\u00e9 aux entreprises. D\u00e8s la gen\u00e8se de ce produit, l&rsquo;accent a \u00e9t\u00e9 mis sur la r\u00e9solution des probl\u00e9matiques rencontr\u00e9es par les fondateurs, anciens veilleurs.<br \/>\nA ce jour, fort d&rsquo;une R&amp;D ambitieuse et v\u00e9loce, Cikisi offre la 3\u00e8me version de son logiciel.<br \/>\nAvec celui-ci sont r\u00e9alis\u00e9s tous les jours plusieurs centaines de projets de veilles. Au sein de la centaine de clients Cikisi, principalement europ\u00e9ens, on retrouve de grands acteurs de l&rsquo;industrie ou des services. Tous accompagn\u00e9s par une \u00e9quipe Customer Success, experte de notre outil mais aussi de la veille.<br \/>\nCikisi se veut 100% europ\u00e9en, ses serveurs sont lou\u00e9s chez OVH France.<br \/>\nLa France qui repr\u00e9sente \u00e0 ce jour 40% du chiffre d&rsquo;affaires de la soci\u00e9t\u00e9.<br \/>\nL&rsquo;objectif de Cikisi est de continuer le d\u00e9veloppement de ses produits, r\u00e9alis\u00e9s en interne afin de garantir une autonomie technique, financi\u00e8re ainsi qu&rsquo;une haute confidentialit\u00e9.<br \/>\nCet \u00e9t\u00e9, Cikisi sortira son chatbot \u00ab\u00a0Ask Mila\u00a0\u00bb, d\u00e9velopp\u00e9 par son R&amp;D et utilisant le LLM fran\u00e7ais Mistral AI.<br \/>\nCikisi est soutenu par plusieurs fonds d&rsquo;investissements priv\u00e9s ou publics belges et devrait ouvrir son actionnariat \u00e0 des investisseurs europ\u00e9ens en 2025.<br \/>\nNotre vision est de faire \u00e9voluer la veille en entreprise, en la dotant de davantage de valeur ajout\u00e9e. Pour se faire, le temps r\u00e9el dans la diffusion, l&rsquo;internationalisation, la d\u00e9centralisation, la collaborativit\u00e9, l&rsquo;accessibilit\u00e9 et l&rsquo;accompagnement de qualit\u00e9 sont des ma\u00eetres mots chez Cikisi.<br \/>\nAtouts\u00a0: &#8211; Accessibilit\u00e9 : facilit\u00e9 et autonomie dans la configuration et l&rsquo;utilisation, garantissant une haute productivit\u00e9 \u00e0 chaque profil utilisateur &#8211; Port\u00e9e strat\u00e9gique: acc\u00e8s en temps r\u00e9el \u00e0 des informations strat\u00e9giques dans toutes les langues et alphabets, gr\u00e2ce notamment \u00e0 l&rsquo;index Web propri\u00e9taire Cikisi, l&rsquo;enrichissement et le traitement des donn\u00e9es collect\u00e9es par son intelligence artificielle &#8211; Extensibilit\u00e9 : plateforme permettant de d\u00e9ployer des veilles collaboratives et d\u00e9centralis\u00e9es au sein de grands groupes internationaux (plusieurs dizaines de veilleurs alimentant de fa\u00e7on personnalis\u00e9e plusieurs dizaines de milliers de lecteurs)<br \/>\nType d\u2019utilisateurs\u00a0: D\u00e9partement Communication, RP, Etudes &amp; Veille, Social Media, Marketing, Relation Clients<br \/>\nUtilisateurs en charge de recherches Web ponctuelles ou r\u00e9currentes : &#8211; Charg\u00e9(e) de veille strat\u00e9gique\/march\u00e9\/concurrentielle &#8211; Market Intelligence Manager\/Analyst &#8211; Market Researcher &#8211; Customers Intelligence Manager &#8211; Innovation Manager &#8211; Responsable communication &#8211; Directeur strat\u00e9gie<br \/>\nD\u00e9veloppements futurs\u00a0: Fonctionnalit\u00e9s produit Nous continuons \u00e0 d\u00e9velopper dans le sens de notre vision \u00e9crite en 2016 : \u00ab\u00a0from Big Data to Intelligence\u00a0\u00bb. Ainsi, l&rsquo;enti\u00e8ret\u00e9 de notre index Web a \u00e9t\u00e9 enrichi (Smart Data) afin de d\u00e9ployer \u00e0 l&rsquo;\u00e9t\u00e9 2024 le Chatbot Cikisi qui livrera du renseignement \u00e0 ses clients. A c\u00f4t\u00e9 de ce nouveau produit, nous continuerons \u00e0 d\u00e9velopper de nombreuses fonctionnalit\u00e9s li\u00e9es \u00e0 la veille mais aussi \u00e0 l&rsquo;ex\u00e9cution d&rsquo;autres t\u00e2ches du renseignement de march\u00e9. Technologie Nous continuerons \u00e0 d\u00e9velopper notre solution 100% en interne, de la collecte au traitement de l&rsquo;information. En compl\u00e9ment de nos algorithmes statistiques et autres, nous ferons toujours appel \u00e0 l&rsquo;intelligence artificielle, en apportant des garanties \u00e0 nos utilisateurs &#8211; sp\u00e9cialistes de l&rsquo;information &#8211; quant \u00e0 l&rsquo;origine et la v\u00e9racit\u00e9 de l&rsquo;information \u00e0 la base du renseignement. Nos choix technologiques et d&rsquo;ind\u00e9pendance nous permettront d&rsquo;exploiter l&rsquo;intelligence artificielle g\u00e9n\u00e9rative sur l&rsquo;enti\u00e8ret\u00e9 de notre index Web et des bases de connaissance de nos clients, chose impossible en int\u00e9grant\/connectant simplement un logiciel au service OpenAI chatGPT. Cette diff\u00e9renciation nous apportera un avantage concurrentiel majeur. Strat\u00e9gie commerciale Nous souhaitons d\u00e9poussi\u00e9rer le monde de la veille et proposerons de plus en plus aux entreprises notre mod\u00e8le alternatif de veille \u00e0 haute valeur ajout\u00e9e, pour lequel nous avons d\u00e9velopp\u00e9 une m\u00e9thodologie sp\u00e9cifique. Nous prendrons contact avec tous les plus grands industriels et soci\u00e9t\u00e9s de service europ\u00e9ens afin de les convaincre de d\u00e9ployer \u00e0 minima un projet de veille sur Cikisi!<\/p>\n","protected":false},"excerpt":{"rendered":"<p>Cikisi est une solution ne faisant aucun compromis, ni sur la performance, ni sur son ergonomie. Elle est ainsi d\u00e9di\u00e9e \u00e0 tous les types d&rsquo;utilisateurs et \u00e0 toutes les tailles d&rsquo;entreprises.<br \/>\nVoici comment un nouveau client 2024 nous per\u00e7oit par rapport \u00e0 la concurrence: \u00ab\u00a0Une vision commune de la dimension collaborative de la veille qui doit \u00eatre pratiqu\u00e9e aussi par des non experts, impliquant une interface ergonomique et des fonctionnalit\u00e9s avanc\u00e9es\u00a0\u00bb.<\/p>\n","protected":false},"featured_media":1776,"template":"","meta":[],"product_brand":[],"product_cat":[15],"product_tag":[],"class_list":{"0":"post-7040","1":"product","2":"type-product","3":"status-publish","4":"has-post-thumbnail","6":"product_cat-non-classe","8":"first","9":"instock","10":"shipping-taxable","11":"product-type-simple"},"_links":{"self":[{"href":"https:\/\/plateformes-de-veille.org\/index.php\/wp-json\/wp\/v2\/product\/7040","targetHints":{"allow":["GET"]}}],"collection":[{"href":"https:\/\/plateformes-de-veille.org\/index.php\/wp-json\/wp\/v2\/product"}],"about":[{"href":"https:\/\/plateformes-de-veille.org\/index.php\/wp-json\/wp\/v2\/types\/product"}],"wp:featuredmedia":[{"embeddable":true,"href":"https:\/\/plateformes-de-veille.org\/index.php\/wp-json\/wp\/v2\/media\/1776"}],"wp:attachment":[{"href":"https:\/\/plateformes-de-veille.org\/index.php\/wp-json\/wp\/v2\/media?parent=7040"}],"wp:term":[{"taxonomy":"product_brand","embeddable":true,"href":"https:\/\/plateformes-de-veille.org\/index.php\/wp-json\/wp\/v2\/product_brand?post=7040"},{"taxonomy":"product_cat","embeddable":true,"href":"https:\/\/plateformes-de-veille.org\/index.php\/wp-json\/wp\/v2\/product_cat?post=7040"},{"taxonomy":"product_tag","embeddable":true,"href":"https:\/\/plateformes-de-veille.org\/index.php\/wp-json\/wp\/v2\/product_tag?post=7040"}],"curies":[{"name":"wp","href":"https:\/\/api.w.org\/{rel}","templated":true}]}}