{"id":7039,"date":"2024-04-08T21:33:16","date_gmt":"2024-04-08T19:33:16","guid":{"rendered":"https:\/\/plateformes-de-veille.org\/index.php\/produit\/talkwalker\/"},"modified":"2024-04-08T22:25:18","modified_gmt":"2024-04-08T20:25:18","slug":"talkwalker","status":"publish","type":"product","link":"https:\/\/plateformes-de-veille.org\/index.php\/produit\/talkwalker\/","title":{"rendered":"Talkwalker"},"content":{"rendered":"<p>Historique\u00a0: Cr\u00e9\u00e9e en 2009, Talkwalker propose une solution unique permettant d\u2019analyser plus de 150,000 millions de sources web : r\u00e9seaux sociaux, blogs, forums, sites d\u2019actualit\u00e9 en ligne et bien d\u2019autres.<br \/>\nToutes les conversations sont enrichies gr\u00e2ce \u00e0 notre intelligence artificielle et permettent \u00e0 nos clients de tirer des insights autour de leur organisation, concurrents, march\u00e9s et clients.<br \/>\nD\u00e9veloppements futurs\u00a0: Int\u00e9gration de la donn\u00e9e Search Int\u00e9gration des donn\u00e9es de l&rsquo;Audience Continuer \u00e0 d\u00e9velopper notre in-house GPT Ajout de donn\u00e9es suppl\u00e9mentaires \u00e0 notre couverture de base<\/p>\n<p><iframe loading=\"lazy\" title=\"What is Talkwalker?\" width=\"980\" height=\"551\" src=\"https:\/\/www.youtube.com\/embed\/REQm7LNeIlg?feature=oembed\" frameborder=\"0\" allow=\"accelerometer; autoplay; clipboard-write; encrypted-media; gyroscope; picture-in-picture; web-share\" referrerpolicy=\"strict-origin-when-cross-origin\" allowfullscreen><\/iframe><\/p>\n","protected":false},"excerpt":{"rendered":"<p>Couverture exhaustive de la donn\u00e9e : 150,000 millions de sources, 180+ langues et pays, 30 r\u00e9seaux sociaux<br \/>\nIntelligence Artificielle avanc\u00e9e et Innovation<br \/>\nTableau de bord personnalisables<br \/>\nReconnaissance visuelle et de logos sur photos et vid\u00e9os<br \/>\nAccompagnement humain et Equipe Consulting int\u00e9gr\u00e9e<\/p>\n","protected":false},"featured_media":1741,"template":"","meta":[],"product_brand":[],"product_cat":[15],"product_tag":[],"class_list":{"0":"post-7039","1":"product","2":"type-product","3":"status-publish","4":"has-post-thumbnail","6":"product_cat-non-classe","8":"first","9":"instock","10":"shipping-taxable","11":"product-type-simple"},"_links":{"self":[{"href":"https:\/\/plateformes-de-veille.org\/index.php\/wp-json\/wp\/v2\/product\/7039","targetHints":{"allow":["GET"]}}],"collection":[{"href":"https:\/\/plateformes-de-veille.org\/index.php\/wp-json\/wp\/v2\/product"}],"about":[{"href":"https:\/\/plateformes-de-veille.org\/index.php\/wp-json\/wp\/v2\/types\/product"}],"wp:featuredmedia":[{"embeddable":true,"href":"https:\/\/plateformes-de-veille.org\/index.php\/wp-json\/wp\/v2\/media\/1741"}],"wp:attachment":[{"href":"https:\/\/plateformes-de-veille.org\/index.php\/wp-json\/wp\/v2\/media?parent=7039"}],"wp:term":[{"taxonomy":"product_brand","embeddable":true,"href":"https:\/\/plateformes-de-veille.org\/index.php\/wp-json\/wp\/v2\/product_brand?post=7039"},{"taxonomy":"product_cat","embeddable":true,"href":"https:\/\/plateformes-de-veille.org\/index.php\/wp-json\/wp\/v2\/product_cat?post=7039"},{"taxonomy":"product_tag","embeddable":true,"href":"https:\/\/plateformes-de-veille.org\/index.php\/wp-json\/wp\/v2\/product_tag?post=7039"}],"curies":[{"name":"wp","href":"https:\/\/api.w.org\/{rel}","templated":true}]}}