{"id":7038,"date":"2024-04-08T21:33:15","date_gmt":"2024-04-08T19:33:15","guid":{"rendered":"https:\/\/plateformes-de-veille.org\/index.php\/produit\/sindup\/"},"modified":"2024-04-09T13:29:09","modified_gmt":"2024-04-09T11:29:09","slug":"sindup","status":"publish","type":"product","link":"https:\/\/plateformes-de-veille.org\/index.php\/produit\/sindup\/","title":{"rendered":"Sindup"},"content":{"rendered":"<p>Historique\u00a0: Sindup est un acteur historique de la veille strat\u00e9gique. Soci\u00e9t\u00e9 cr\u00e9\u00e9e par Micka\u00ebl R\u00e9ault en 2005, Sindup est aujourd\u2019hui un acteur engag\u00e9 dans le d\u00e9veloppement de l\u2019intelligence \u00e9conomique et territoriale. Sindup se positionne comme un acteur innovant qui accompagne la r\u00e9ussite des projets de veille ambitieux, avec une approche favorisant la collaboration et l\u2019engagement des \u00e9quipes. Gr\u00e2ce \u00e0 sa m\u00e9thode \u00e9prouv\u00e9e, une proposition d\u2019accompagnement sur mesure est \u00e9labor\u00e9e pour aider les organisations, publiques ou priv\u00e9es, \u00e0 atteindre leurs objectifs.<br \/>\nAtouts\u00a0: La r\u00e9activit\u00e9 des \u00e9quipes support, la qualit\u00e9 et la gestion des sources pour gagner en efficacit\u00e9, la transparence.<br \/>\nType d\u2019utilisateurs\u00a0: Sindup est destin\u00e9 tout aussi bien pour les veilleurs expert comme les veilleurs occasionnels.<br \/>\nD\u00e9veloppements futurs\u00a0: D\u00e9veloppements sur l&rsquo;IA, l&rsquo;int\u00e9gration de sources pour la kiosque premium (Pappers)<\/p>\n","protected":false},"excerpt":{"rendered":"<p>Sindup se diff\u00e9rencie surtout par sa capacit\u00e9 \u00e0 fournir une r\u00e9ponse adapt\u00e9e en fonction de chaque projet de veille gr\u00e2ce \u00e0 une exp\u00e9rience depuis 2005. La qualit\u00e9 de son accompagnement et son engagement aupr\u00e8s de l&rsquo;\u00e9co-syst\u00e8me (CFC) etc sont les forces principales par rapport \u00e0 la concurrence.<\/p>\n","protected":false},"featured_media":7087,"template":"","meta":[],"product_brand":[],"product_cat":[15],"product_tag":[],"class_list":{"0":"post-7038","1":"product","2":"type-product","3":"status-publish","4":"has-post-thumbnail","6":"product_cat-non-classe","8":"first","9":"instock","10":"shipping-taxable","11":"product-type-simple"},"_links":{"self":[{"href":"https:\/\/plateformes-de-veille.org\/index.php\/wp-json\/wp\/v2\/product\/7038","targetHints":{"allow":["GET"]}}],"collection":[{"href":"https:\/\/plateformes-de-veille.org\/index.php\/wp-json\/wp\/v2\/product"}],"about":[{"href":"https:\/\/plateformes-de-veille.org\/index.php\/wp-json\/wp\/v2\/types\/product"}],"wp:featuredmedia":[{"embeddable":true,"href":"https:\/\/plateformes-de-veille.org\/index.php\/wp-json\/wp\/v2\/media\/7087"}],"wp:attachment":[{"href":"https:\/\/plateformes-de-veille.org\/index.php\/wp-json\/wp\/v2\/media?parent=7038"}],"wp:term":[{"taxonomy":"product_brand","embeddable":true,"href":"https:\/\/plateformes-de-veille.org\/index.php\/wp-json\/wp\/v2\/product_brand?post=7038"},{"taxonomy":"product_cat","embeddable":true,"href":"https:\/\/plateformes-de-veille.org\/index.php\/wp-json\/wp\/v2\/product_cat?post=7038"},{"taxonomy":"product_tag","embeddable":true,"href":"https:\/\/plateformes-de-veille.org\/index.php\/wp-json\/wp\/v2\/product_tag?post=7038"}],"curies":[{"name":"wp","href":"https:\/\/api.w.org\/{rel}","templated":true}]}}