{"id":7037,"date":"2024-04-08T21:33:15","date_gmt":"2024-04-08T19:33:15","guid":{"rendered":"https:\/\/plateformes-de-veille.org\/index.php\/produit\/siveille\/"},"modified":"2024-04-08T22:25:16","modified_gmt":"2024-04-08T20:25:16","slug":"siveille","status":"publish","type":"product","link":"https:\/\/plateformes-de-veille.org\/index.php\/produit\/siveille\/","title":{"rendered":"Siveille"},"content":{"rendered":"<p>Atouts\u00a0: Agilit\u00e9, expertise et pragmatisme<br \/>\nType d\u2019utilisateurs\u00a0: De d\u00e9butants \u00e0 exp\u00e9riment\u00e9, selon les cas<br \/>\nD\u00e9veloppements futurs\u00a0: Am\u00e9lioration interface, sourcing et IA<\/p>\n","protected":false},"excerpt":{"rendered":"<p>Simplicit\u00e9, co\u00fbts, niveau de service, personnalisation et dispositif revendeur avantageux<\/p>\n","protected":false},"featured_media":1739,"template":"","meta":[],"product_brand":[],"product_cat":[15],"product_tag":[],"class_list":{"0":"post-7037","1":"product","2":"type-product","3":"status-publish","4":"has-post-thumbnail","6":"product_cat-non-classe","8":"first","9":"instock","10":"shipping-taxable","11":"product-type-simple"},"_links":{"self":[{"href":"https:\/\/plateformes-de-veille.org\/index.php\/wp-json\/wp\/v2\/product\/7037","targetHints":{"allow":["GET"]}}],"collection":[{"href":"https:\/\/plateformes-de-veille.org\/index.php\/wp-json\/wp\/v2\/product"}],"about":[{"href":"https:\/\/plateformes-de-veille.org\/index.php\/wp-json\/wp\/v2\/types\/product"}],"wp:featuredmedia":[{"embeddable":true,"href":"https:\/\/plateformes-de-veille.org\/index.php\/wp-json\/wp\/v2\/media\/1739"}],"wp:attachment":[{"href":"https:\/\/plateformes-de-veille.org\/index.php\/wp-json\/wp\/v2\/media?parent=7037"}],"wp:term":[{"taxonomy":"product_brand","embeddable":true,"href":"https:\/\/plateformes-de-veille.org\/index.php\/wp-json\/wp\/v2\/product_brand?post=7037"},{"taxonomy":"product_cat","embeddable":true,"href":"https:\/\/plateformes-de-veille.org\/index.php\/wp-json\/wp\/v2\/product_cat?post=7037"},{"taxonomy":"product_tag","embeddable":true,"href":"https:\/\/plateformes-de-veille.org\/index.php\/wp-json\/wp\/v2\/product_tag?post=7037"}],"curies":[{"name":"wp","href":"https:\/\/api.w.org\/{rel}","templated":true}]}}