{"id":7036,"date":"2024-04-08T21:33:15","date_gmt":"2024-04-08T19:33:15","guid":{"rendered":"https:\/\/plateformes-de-veille.org\/index.php\/produit\/curebot\/"},"modified":"2024-04-08T22:25:15","modified_gmt":"2024-04-08T20:25:15","slug":"curebot","status":"publish","type":"product","link":"https:\/\/plateformes-de-veille.org\/index.php\/produit\/curebot\/","title":{"rendered":"Curebot"},"content":{"rendered":"<p>Historique\u00a0: Le co-fondateur et Pr\u00e9sident d&rsquo;EspritsCollaboratifs est un ancien Veilleur et Analyste qui a initi\u00e9 avec succ\u00e8s le dispositif de veille, d&rsquo;intelligence \u00e9conomique &amp; strat\u00e9gique et de prospective collaboratives au sein du groupe Orange, une d\u00e9marche r\u00e9f\u00e9rente dans l&rsquo;univers de l&rsquo;intelligence \u00e9conomique en France et en Europe.<br \/>\nEspritsCollaboratifs a \u00e9t\u00e9 cr\u00e9\u00e9 en 2015 en tant qu&rsquo;entreprise de conseil en veille et intelligence collective. L&rsquo;entreprise accompagne des entreprises de toutes tailles \u00e0 d\u00e9velopper et p\u00e9renniser la dimension collaborative de leurs d\u00e9marches de veille et d&rsquo;intelligence \u00e9conomique, strat\u00e9gique, technologique, juridique, commerciale, etc. A ses d\u00e9buts, elle utilise les plateformes historiques du march\u00e9 puis face au manque d&rsquo;ergonomie et aux faiblesses de l&rsquo;exp\u00e9rience utilisateur de ces plateformes, l&rsquo;entreprise d\u00e9veloppe Curebot, d\u00e9sormais reconnu sur le march\u00e9 comme une plateforme de veille \u00e0 la fois moderne, user friendly, ergonomique, collaborative by design et couvrant l&rsquo;ensemble de la couverture focntionnelle des m\u00e9tiers de la veille, l&rsquo;analyse et la prospective.<br \/>\nAtouts\u00a0: 1. L&rsquo;Experience Utilisateur, c&rsquo;est la premi\u00e8re qualit\u00e9 \u00e0 laquelle pensent tous nos interlocuteurs apr\u00e8s qu&rsquo;ils aient eu Curebot entre les mains. En alliant simplicit\u00e9 d&rsquo;utilisation et performances, elle permet d&rsquo;adresser les enjeux informationnels des m\u00e9tiers et des organisations en s&rsquo;adaptant efficacement \u00e0 leurs enjeux, leur culture, leurs modes de travail et leurs objectifs. 2. Notre offre int\u00e8gre plateforme et conseil, qui permet \u00e0 notre entreprise de v\u00e9ritablement soutenir, d\u00e9velopper et p\u00e9renniser les d\u00e9marches de veille quels que soient leurs objectifs et leur dimension. Les EspritsCo sont des professionnels de la veille et de l&rsquo;Intelligence \u00c9conomique et mettent leurs comp\u00e9tences au service des utilisateurs de Curebot. 3. Le d\u00e9veloppement en mode agile de Curebot, notre transparence sur \u00ab\u00a0le track reccord\u00a0\u00bb et \u00ab\u00a0la Roamap\u00a0\u00bb de d\u00e9veloppement fonctionnel et technique de notre plateforme. Avec en moyenne 22 releases majeures par an, nous sommes indiscutablement les plus actifs en terme d&rsquo;\u00e9volution de notre plateforme.<br \/>\nType d\u2019utilisateurs\u00a0: Curebot s&rsquo;adresse \u00e0 tout type de profil. Elle permet de r\u00e9pondre aussi bien aux besoins des professionnels de la veille et de l&rsquo;analyse qu&rsquo;aux besoins de n&rsquo;importe quel m\u00e9tier, quelles que soient ses comp\u00e9tences num\u00e9riques et informationnelles. Aujourd&rsquo;hui Curebot soutien des projets de toute taille au sein d&rsquo;organisations publiques et priv\u00e9es de toute taille, en France et \u00e0 l&rsquo;International.<br \/>\nD\u00e9veloppements futurs\u00a0: Nous poursuivons nos travaux de d\u00e9veloppement des mod\u00e8les d&rsquo;IA pr\u00e9dictive et g\u00e9n\u00e9rative mis en jeux dans la plateforme avec, d&rsquo;une part, notre exigence historique concernant les dimensions de souverainet\u00e9, de s\u00e9curit\u00e9, de transparence et explicabilit\u00e9 des traitements algorithmiques r\u00e9alis\u00e9s par Curebot ; et d&rsquo;autre part, nos parti pris de mettre ces traitements et mod\u00e8les au service des m\u00e9tiers de l&rsquo;information tels que dela veille, l&rsquo;analyse et d\u00e9sormais la prospective, mais \u00e9galement l&rsquo;ensemble des autres m\u00e9tiers de l&rsquo;entreprise qui ont \u00e9galement de fort besoin en information (commerciaux, communication, innovation, s\u00e9curit\u00e9, RH\u2026)<\/p>\n<p><iframe loading=\"lazy\" title=\"Curebot - Une exp\u00e9rience engageante de veille collaborative\" src=\"https:\/\/player.vimeo.com\/video\/382428011?dnt=1&amp;app_id=122963\" width=\"980\" height=\"551\" frameborder=\"0\" allow=\"autoplay; fullscreen; picture-in-picture; clipboard-write\"><\/iframe><\/p>\n","protected":false},"excerpt":{"rendered":"<p>Curebot est une plateforme de veille strat\u00e9gique moderne, user friendly, ergonomique et puissante qui permet de soutenir les dynamiques de veille, d&rsquo;analyse et d&rsquo;intelligence collective mise au service des performances des m\u00e9tiers et des organisations fran\u00e7aises quelle que soit leur taille et leur secteur d&rsquo;activit\u00e9.<\/p>\n","protected":false},"featured_media":1728,"template":"","meta":[],"product_brand":[],"product_cat":[15],"product_tag":[],"class_list":{"0":"post-7036","1":"product","2":"type-product","3":"status-publish","4":"has-post-thumbnail","6":"product_cat-non-classe","8":"first","9":"instock","10":"shipping-taxable","11":"product-type-simple"},"_links":{"self":[{"href":"https:\/\/plateformes-de-veille.org\/index.php\/wp-json\/wp\/v2\/product\/7036","targetHints":{"allow":["GET"]}}],"collection":[{"href":"https:\/\/plateformes-de-veille.org\/index.php\/wp-json\/wp\/v2\/product"}],"about":[{"href":"https:\/\/plateformes-de-veille.org\/index.php\/wp-json\/wp\/v2\/types\/product"}],"wp:featuredmedia":[{"embeddable":true,"href":"https:\/\/plateformes-de-veille.org\/index.php\/wp-json\/wp\/v2\/media\/1728"}],"wp:attachment":[{"href":"https:\/\/plateformes-de-veille.org\/index.php\/wp-json\/wp\/v2\/media?parent=7036"}],"wp:term":[{"taxonomy":"product_brand","embeddable":true,"href":"https:\/\/plateformes-de-veille.org\/index.php\/wp-json\/wp\/v2\/product_brand?post=7036"},{"taxonomy":"product_cat","embeddable":true,"href":"https:\/\/plateformes-de-veille.org\/index.php\/wp-json\/wp\/v2\/product_cat?post=7036"},{"taxonomy":"product_tag","embeddable":true,"href":"https:\/\/plateformes-de-veille.org\/index.php\/wp-json\/wp\/v2\/product_tag?post=7036"}],"curies":[{"name":"wp","href":"https:\/\/api.w.org\/{rel}","templated":true}]}}