{"id":7035,"date":"2024-04-08T21:33:14","date_gmt":"2024-04-08T19:33:14","guid":{"rendered":"https:\/\/plateformes-de-veille.org\/index.php\/produit\/plateforme-valona\/"},"modified":"2024-04-08T22:25:15","modified_gmt":"2024-04-08T20:25:15","slug":"plateforme-valona","status":"publish","type":"product","link":"https:\/\/plateformes-de-veille.org\/index.php\/produit\/plateforme-valona\/","title":{"rendered":"Plateforme Valona"},"content":{"rendered":"<p>Atouts\u00a0: Des sources publi\u00e9es en plus de 70 langues synth\u00e9tis\u00e9es en langue anglaise.<br \/>\nPersonnalisation de l&rsquo;interface en fonction des besoins en contenus et usages<br \/>\nDes services d&rsquo;analyses \u00e0 la demande<br \/>\nType d\u2019utilisateurs\u00a0: Responsables de veille, d&rsquo;\u00e9tudes de march\u00e9, dirigeants g\u00e9n\u00e9raux et op\u00e9rationnels, tout utilisateur d&rsquo;informations strat\u00e9giques et concurrentielles internationales<br \/>\nD\u00e9veloppements futurs\u00a0: Une solution compl\u00e8te pour l&rsquo;entreprise sur les activit\u00e9s li\u00e9es aux informations strat\u00e9giques et \u00e0 la prise de d\u00e9cision pour accompagner la croissance, r\u00e9duire les co\u00fbts et anticiper les risques<\/p>\n","protected":false},"excerpt":{"rendered":"<p>Fourniture, gestion et partage collaboratif de contenus<\/p>\n","protected":false},"featured_media":7048,"template":"","meta":[],"product_brand":[],"product_cat":[15],"product_tag":[],"class_list":{"0":"post-7035","1":"product","2":"type-product","3":"status-publish","4":"has-post-thumbnail","6":"product_cat-non-classe","8":"first","9":"instock","10":"shipping-taxable","11":"product-type-simple"},"_links":{"self":[{"href":"https:\/\/plateformes-de-veille.org\/index.php\/wp-json\/wp\/v2\/product\/7035","targetHints":{"allow":["GET"]}}],"collection":[{"href":"https:\/\/plateformes-de-veille.org\/index.php\/wp-json\/wp\/v2\/product"}],"about":[{"href":"https:\/\/plateformes-de-veille.org\/index.php\/wp-json\/wp\/v2\/types\/product"}],"wp:featuredmedia":[{"embeddable":true,"href":"https:\/\/plateformes-de-veille.org\/index.php\/wp-json\/wp\/v2\/media\/7048"}],"wp:attachment":[{"href":"https:\/\/plateformes-de-veille.org\/index.php\/wp-json\/wp\/v2\/media?parent=7035"}],"wp:term":[{"taxonomy":"product_brand","embeddable":true,"href":"https:\/\/plateformes-de-veille.org\/index.php\/wp-json\/wp\/v2\/product_brand?post=7035"},{"taxonomy":"product_cat","embeddable":true,"href":"https:\/\/plateformes-de-veille.org\/index.php\/wp-json\/wp\/v2\/product_cat?post=7035"},{"taxonomy":"product_tag","embeddable":true,"href":"https:\/\/plateformes-de-veille.org\/index.php\/wp-json\/wp\/v2\/product_tag?post=7035"}],"curies":[{"name":"wp","href":"https:\/\/api.w.org\/{rel}","templated":true}]}}