{"id":7034,"date":"2024-04-08T21:33:14","date_gmt":"2024-04-08T19:33:14","guid":{"rendered":"https:\/\/plateformes-de-veille.org\/index.php\/produit\/ixxo-beyond-data\/"},"modified":"2024-04-10T10:10:32","modified_gmt":"2024-04-10T08:10:32","slug":"ixxo-beyond-data","status":"publish","type":"product","link":"https:\/\/plateformes-de-veille.org\/index.php\/produit\/ixxo-beyond-data\/","title":{"rendered":"IXXO Beyond Data"},"content":{"rendered":"<p>Atouts\u00a0: La fouille du web permettant d&rsquo;automatiser la d\u00e9couverte de sources d&rsquo;informations en plusieurs langues, des analyses performantes bas\u00e9es sur des outils de text mining et de clustering (IA NLP) ainsi que les possibilit\u00e9s d&rsquo;interop\u00e9rabilit\u00e9 s\u00e9curis\u00e9es avec le syst\u00e8me d&rsquo;informations de nos clients.<br \/>\nType d\u2019utilisateurs\u00a0: Cellule de veille, charg\u00e9 de veille, analystes, experts. Directions : Innovation, R&amp;D, Strat\u00e9gie, Marketing et Achats<br \/>\nD\u00e9veloppements futurs\u00a0: Int\u00e9gration de fonctionnalit\u00e9s IA g\u00e9n\u00e9rative.<\/p>\n","protected":false},"excerpt":{"rendered":"<p>IXXO est \u00e0 la fois une plateforme pour r\u00e9pondre aux attentes de veille strat\u00e9gique et de recherche d&rsquo;informations sur sources ouvertes et accessibles sur le web visible et profond.<\/p>\n","protected":false},"featured_media":7104,"template":"","meta":[],"product_brand":[],"product_cat":[15],"product_tag":[],"class_list":{"0":"post-7034","1":"product","2":"type-product","3":"status-publish","4":"has-post-thumbnail","6":"product_cat-non-classe","8":"first","9":"instock","10":"shipping-taxable","11":"product-type-simple"},"_links":{"self":[{"href":"https:\/\/plateformes-de-veille.org\/index.php\/wp-json\/wp\/v2\/product\/7034","targetHints":{"allow":["GET"]}}],"collection":[{"href":"https:\/\/plateformes-de-veille.org\/index.php\/wp-json\/wp\/v2\/product"}],"about":[{"href":"https:\/\/plateformes-de-veille.org\/index.php\/wp-json\/wp\/v2\/types\/product"}],"wp:featuredmedia":[{"embeddable":true,"href":"https:\/\/plateformes-de-veille.org\/index.php\/wp-json\/wp\/v2\/media\/7104"}],"wp:attachment":[{"href":"https:\/\/plateformes-de-veille.org\/index.php\/wp-json\/wp\/v2\/media?parent=7034"}],"wp:term":[{"taxonomy":"product_brand","embeddable":true,"href":"https:\/\/plateformes-de-veille.org\/index.php\/wp-json\/wp\/v2\/product_brand?post=7034"},{"taxonomy":"product_cat","embeddable":true,"href":"https:\/\/plateformes-de-veille.org\/index.php\/wp-json\/wp\/v2\/product_cat?post=7034"},{"taxonomy":"product_tag","embeddable":true,"href":"https:\/\/plateformes-de-veille.org\/index.php\/wp-json\/wp\/v2\/product_tag?post=7034"}],"curies":[{"name":"wp","href":"https:\/\/api.w.org\/{rel}","templated":true}]}}