{"id":7033,"date":"2024-04-08T21:33:14","date_gmt":"2024-04-08T19:33:14","guid":{"rendered":"https:\/\/plateformes-de-veille.org\/index.php\/produit\/akio-insights\/"},"modified":"2024-04-08T22:25:13","modified_gmt":"2024-04-08T20:25:13","slug":"akio-insights","status":"publish","type":"product","link":"https:\/\/plateformes-de-veille.org\/index.php\/produit\/akio-insights\/","title":{"rendered":"Akio Insights"},"content":{"rendered":"<p>Historique\u00a0: Un des pionniers du logiciel de tracking web, la soci\u00e9t\u00e9 Spotter a fusionn\u00e9 en 2014 avec l&rsquo;\u00e9diteur AKIO. Aujourd&rsquo;hui, la plateforme Akio Insights b\u00e9n\u00e9ficie de toute l&rsquo;exp\u00e9rience acquise au cours de ces ann\u00e9es d&rsquo;innovation et de projets de veille e-r\u00e9putation nationaux \/ internationaux d&rsquo;envergure.<br \/>\nAtouts\u00a0: &#8211; Analyse temps r\u00e9el &#8211; Finesse de la collecte et qualit\u00e9 des donn\u00e9es &#8211; Plateforme rapide, intuitive et collaborative &#8211; Accompagnement projet et expertise des projets internationaux<br \/>\nType d\u2019utilisateurs\u00a0: D\u00e9partements Marketing \/ Communication pour l&rsquo;offre R\u00e9putation, D\u00e9partements Relation et Satisfaction Client pour l&rsquo;offre Voix du Client. D&rsquo;une mani\u00e8re plus g\u00e9n\u00e9rale, pour toutes les personnes impliqu\u00e9es dans l&rsquo;am\u00e9lioration de l&rsquo;exp\u00e9rience client.<\/p>\n<p><iframe loading=\"lazy\" title=\"Akio Insights - Applications Voix du Client et R\u00e9putation - Courte pr\u00e9sentation\" width=\"980\" height=\"551\" src=\"https:\/\/www.youtube.com\/embed\/JQpXDZ84JMQ?feature=oembed\" frameborder=\"0\" allow=\"accelerometer; autoplay; clipboard-write; encrypted-media; gyroscope; picture-in-picture; web-share\" referrerpolicy=\"strict-origin-when-cross-origin\" allowfullscreen><\/iframe><\/p>\n","protected":false},"excerpt":{"rendered":"<p>Akio Insights est une plateforme de veille et d&rsquo;analyse de la voix du client et de la r\u00e9putation, bas\u00e9e sur un puissant moteur d&rsquo;IA, centralisant l&rsquo;ensemble des contenus collect\u00e9s (media online \/ offline, r\u00e9seaux sociaux, sites d&rsquo;avis &#8230;).<br \/>\nPerformante, compl\u00e8te et ergonomique, elle permet d&rsquo;obtenir en temps r\u00e9el des insights sur votre marque via des tableaux de bords interactifs.<br \/>\nLa plateforme est dot\u00e9e d&rsquo;un module de partage de l&rsquo;information : alertes temps r\u00e9el, newsletters cibl\u00e9es et rapports ad-hoc, pour alimenter les d\u00e9cisions strat\u00e9giques.<\/p>\n","protected":false},"featured_media":7045,"template":"","meta":[],"product_brand":[],"product_cat":[15],"product_tag":[],"class_list":{"0":"post-7033","1":"product","2":"type-product","3":"status-publish","4":"has-post-thumbnail","6":"product_cat-non-classe","8":"first","9":"instock","10":"shipping-taxable","11":"product-type-simple"},"_links":{"self":[{"href":"https:\/\/plateformes-de-veille.org\/index.php\/wp-json\/wp\/v2\/product\/7033","targetHints":{"allow":["GET"]}}],"collection":[{"href":"https:\/\/plateformes-de-veille.org\/index.php\/wp-json\/wp\/v2\/product"}],"about":[{"href":"https:\/\/plateformes-de-veille.org\/index.php\/wp-json\/wp\/v2\/types\/product"}],"wp:featuredmedia":[{"embeddable":true,"href":"https:\/\/plateformes-de-veille.org\/index.php\/wp-json\/wp\/v2\/media\/7045"}],"wp:attachment":[{"href":"https:\/\/plateformes-de-veille.org\/index.php\/wp-json\/wp\/v2\/media?parent=7033"}],"wp:term":[{"taxonomy":"product_brand","embeddable":true,"href":"https:\/\/plateformes-de-veille.org\/index.php\/wp-json\/wp\/v2\/product_brand?post=7033"},{"taxonomy":"product_cat","embeddable":true,"href":"https:\/\/plateformes-de-veille.org\/index.php\/wp-json\/wp\/v2\/product_cat?post=7033"},{"taxonomy":"product_tag","embeddable":true,"href":"https:\/\/plateformes-de-veille.org\/index.php\/wp-json\/wp\/v2\/product_tag?post=7033"}],"curies":[{"name":"wp","href":"https:\/\/api.w.org\/{rel}","templated":true}]}}