{"id":7032,"date":"2024-04-08T21:33:13","date_gmt":"2024-04-08T19:33:13","guid":{"rendered":"https:\/\/plateformes-de-veille.org\/index.php\/produit\/coexel-solution-de-veille-mytwip\/"},"modified":"2024-04-08T22:25:12","modified_gmt":"2024-04-08T20:25:12","slug":"coexel-solution-de-veille-mytwip","status":"publish","type":"product","link":"https:\/\/plateformes-de-veille.org\/index.php\/produit\/coexel-solution-de-veille-mytwip\/","title":{"rendered":"COEXEL &#8211; Solution de veille Mytwip"},"content":{"rendered":"<p>Historique\u00a0: R\u00e9pondre aux besoins des acteurs de la strat\u00e9gie et de l&rsquo;innovation<br \/>\nAtouts\u00a0: Collecte de donn\u00e9es h\u00e9t\u00e9rog\u00e8nes massives Partage des contenus &amp; enrichissement sur de grandes communaut\u00e9s d&rsquo;utilisateurs Briques d&rsquo;analyse : s\u00e9mantique, recommandation &amp; IA<br \/>\nType d\u2019utilisateurs\u00a0: PDG, Responsable de la strat\u00e9gie, de la veille, de la R&amp;D ou du marketing<br \/>\nD\u00e9veloppements futurs\u00a0: IA<\/p>\n","protected":false},"excerpt":{"rendered":"<p>Intuitive, modulaire, collaborative &amp; intelligente<\/p>\n","protected":false},"featured_media":1735,"template":"","meta":[],"product_brand":[],"product_cat":[15],"product_tag":[],"class_list":{"0":"post-7032","1":"product","2":"type-product","3":"status-publish","4":"has-post-thumbnail","6":"product_cat-non-classe","8":"first","9":"instock","10":"shipping-taxable","11":"product-type-simple"},"_links":{"self":[{"href":"https:\/\/plateformes-de-veille.org\/index.php\/wp-json\/wp\/v2\/product\/7032","targetHints":{"allow":["GET"]}}],"collection":[{"href":"https:\/\/plateformes-de-veille.org\/index.php\/wp-json\/wp\/v2\/product"}],"about":[{"href":"https:\/\/plateformes-de-veille.org\/index.php\/wp-json\/wp\/v2\/types\/product"}],"wp:featuredmedia":[{"embeddable":true,"href":"https:\/\/plateformes-de-veille.org\/index.php\/wp-json\/wp\/v2\/media\/1735"}],"wp:attachment":[{"href":"https:\/\/plateformes-de-veille.org\/index.php\/wp-json\/wp\/v2\/media?parent=7032"}],"wp:term":[{"taxonomy":"product_brand","embeddable":true,"href":"https:\/\/plateformes-de-veille.org\/index.php\/wp-json\/wp\/v2\/product_brand?post=7032"},{"taxonomy":"product_cat","embeddable":true,"href":"https:\/\/plateformes-de-veille.org\/index.php\/wp-json\/wp\/v2\/product_cat?post=7032"},{"taxonomy":"product_tag","embeddable":true,"href":"https:\/\/plateformes-de-veille.org\/index.php\/wp-json\/wp\/v2\/product_tag?post=7032"}],"curies":[{"name":"wp","href":"https:\/\/api.w.org\/{rel}","templated":true}]}}