{"id":7030,"date":"2024-04-08T21:33:13","date_gmt":"2024-04-08T19:33:13","guid":{"rendered":"https:\/\/plateformes-de-veille.org\/index.php\/produit\/digimind-social\/"},"modified":"2024-04-08T22:25:10","modified_gmt":"2024-04-08T20:25:10","slug":"digimind-social","status":"publish","type":"product","link":"https:\/\/plateformes-de-veille.org\/index.php\/produit\/digimind-social\/","title":{"rendered":"Digimind Social"},"content":{"rendered":"<p>Historique\u00a0: Id\u00e9e du fondateur Paul Vivant inspir\u00e9 de ses cours de Knowledge Management \u00e0 l&rsquo;Universit\u00e9 de Grenoble. Il donc lanc\u00e9 en 1998 des solutions de surveillance des sites webs, forums puis des blogs.<br \/>\nAtouts\u00a0: Couverture des sources notamment r\u00e9seaux sociaux, personnalisation et prise en main de l&rsquo;outil simple, consultants sp\u00e9cialis\u00e9s<br \/>\nType d\u2019utilisateurs\u00a0: Agences, Collectivit\u00e9s Territoriales et Grandes entreprises<br \/>\nD\u00e9veloppements futurs\u00a0: D2j\u00e0 install\u00e9es ou En cours: IA g\u00e9n\u00e9rative pour les flux et dashboards, Machine Learning pour les requ\u00eates et sentiment, Speech to TExt, flux print, radio et TV<\/p>\n<p><iframe loading=\"lazy\" title=\"Digimind: Driving Actionable Business Insights from Social Intelligence\" width=\"980\" height=\"551\" src=\"https:\/\/www.youtube.com\/embed\/axNwZAQtwGM?feature=oembed\" frameborder=\"0\" allow=\"accelerometer; autoplay; clipboard-write; encrypted-media; gyroscope; picture-in-picture; web-share\" referrerpolicy=\"strict-origin-when-cross-origin\" allowfullscreen><\/iframe><\/p>\n","protected":false},"excerpt":{"rendered":"<p>Digimind Social permet de surveiller et analyser votre environnement Web, Social Media, Print, TV et Radio via une interface puissante et simplifi\u00e9e, et en mettant en oeuvre une tr\u00e8s large couverture de souces issues de plus de 25 ans de savoir faire de Veille. L&rsquo;utilisateur final \u00e0 la main sur l&rsquo;ensemble des param\u00e9trages de l&rsquo;outil.<\/p>\n","protected":false},"featured_media":1729,"template":"","meta":[],"product_brand":[],"product_cat":[15],"product_tag":[],"class_list":{"0":"post-7030","1":"product","2":"type-product","3":"status-publish","4":"has-post-thumbnail","6":"product_cat-non-classe","8":"first","9":"instock","10":"shipping-taxable","11":"product-type-simple"},"_links":{"self":[{"href":"https:\/\/plateformes-de-veille.org\/index.php\/wp-json\/wp\/v2\/product\/7030","targetHints":{"allow":["GET"]}}],"collection":[{"href":"https:\/\/plateformes-de-veille.org\/index.php\/wp-json\/wp\/v2\/product"}],"about":[{"href":"https:\/\/plateformes-de-veille.org\/index.php\/wp-json\/wp\/v2\/types\/product"}],"wp:featuredmedia":[{"embeddable":true,"href":"https:\/\/plateformes-de-veille.org\/index.php\/wp-json\/wp\/v2\/media\/1729"}],"wp:attachment":[{"href":"https:\/\/plateformes-de-veille.org\/index.php\/wp-json\/wp\/v2\/media?parent=7030"}],"wp:term":[{"taxonomy":"product_brand","embeddable":true,"href":"https:\/\/plateformes-de-veille.org\/index.php\/wp-json\/wp\/v2\/product_brand?post=7030"},{"taxonomy":"product_cat","embeddable":true,"href":"https:\/\/plateformes-de-veille.org\/index.php\/wp-json\/wp\/v2\/product_cat?post=7030"},{"taxonomy":"product_tag","embeddable":true,"href":"https:\/\/plateformes-de-veille.org\/index.php\/wp-json\/wp\/v2\/product_tag?post=7030"}],"curies":[{"name":"wp","href":"https:\/\/api.w.org\/{rel}","templated":true}]}}