{"id":7028,"date":"2024-04-08T21:33:12","date_gmt":"2024-04-08T19:33:12","guid":{"rendered":"https:\/\/plateformes-de-veille.org\/index.php\/produit\/wabtch\/"},"modified":"2024-04-08T22:25:07","modified_gmt":"2024-04-08T20:25:07","slug":"wabtch","status":"publish","type":"product","link":"https:\/\/plateformes-de-veille.org\/index.php\/produit\/wabtch\/","title":{"rendered":"Wabtch"},"content":{"rendered":"<p>Historique\u00a0: Charg\u00e9 de la veille et de l&rsquo;innovation \u00e0 l&rsquo;AFNOR, je ne trouvais aucune plateforme simple adressant mes besoins de veille. Toutes les plateformes sont trop compliqu\u00e9es et ne se concentrent pas sur la v\u00e9ritable attente d&rsquo;un veilleur : la bonne information issue de la bonne source.<br \/>\nAtouts\u00a0: Simplicit\u00e9, efficacit\u00e9, accessibilit\u00e9.<br \/>\nType d\u2019utilisateurs\u00a0: Tout le monde peut utiliser Wabtch, \u00e0 partir du moment ou l&rsquo;utilisateur sait correctement chercher de l&rsquo;information sur les moteurs de recherche.<br \/>\nD\u00e9veloppements futurs\u00a0: Dossier th\u00e9matiques, capsules de veille<\/p>\n<p><iframe loading=\"lazy\" title=\"Outil de veille WABTCH - D\u00e9monstration\" width=\"980\" height=\"551\" src=\"https:\/\/www.youtube.com\/embed\/gk1e0gzzwns?feature=oembed\" frameborder=\"0\" allow=\"accelerometer; autoplay; clipboard-write; encrypted-media; gyroscope; picture-in-picture; web-share\" referrerpolicy=\"strict-origin-when-cross-origin\" allowfullscreen><\/iframe><\/p>\n","protected":false},"excerpt":{"rendered":"<p>Wabtch permet de surveiller les sources que vous indiquez en cherchant la pr\u00e9sence de mots cl\u00e9s que vous indiquez. A chaque correspondance, l&rsquo;article est ajout\u00e9 \u00e0 votre corpus de veille. Une navigation simple, une recherche simple, une fonctionnalit\u00e9 de similarit\u00e9 et un module de newsletter compl\u00e8tent la base du service.<\/p>\n","protected":false},"featured_media":7051,"template":"","meta":[],"product_brand":[],"product_cat":[15],"product_tag":[],"class_list":{"0":"post-7028","1":"product","2":"type-product","3":"status-publish","4":"has-post-thumbnail","6":"product_cat-non-classe","8":"first","9":"instock","10":"shipping-taxable","11":"product-type-simple"},"_links":{"self":[{"href":"https:\/\/plateformes-de-veille.org\/index.php\/wp-json\/wp\/v2\/product\/7028","targetHints":{"allow":["GET"]}}],"collection":[{"href":"https:\/\/plateformes-de-veille.org\/index.php\/wp-json\/wp\/v2\/product"}],"about":[{"href":"https:\/\/plateformes-de-veille.org\/index.php\/wp-json\/wp\/v2\/types\/product"}],"wp:featuredmedia":[{"embeddable":true,"href":"https:\/\/plateformes-de-veille.org\/index.php\/wp-json\/wp\/v2\/media\/7051"}],"wp:attachment":[{"href":"https:\/\/plateformes-de-veille.org\/index.php\/wp-json\/wp\/v2\/media?parent=7028"}],"wp:term":[{"taxonomy":"product_brand","embeddable":true,"href":"https:\/\/plateformes-de-veille.org\/index.php\/wp-json\/wp\/v2\/product_brand?post=7028"},{"taxonomy":"product_cat","embeddable":true,"href":"https:\/\/plateformes-de-veille.org\/index.php\/wp-json\/wp\/v2\/product_cat?post=7028"},{"taxonomy":"product_tag","embeddable":true,"href":"https:\/\/plateformes-de-veille.org\/index.php\/wp-json\/wp\/v2\/product_tag?post=7028"}],"curies":[{"name":"wp","href":"https:\/\/api.w.org\/{rel}","templated":true}]}}