{"id":7027,"date":"2024-04-08T21:33:11","date_gmt":"2024-04-08T19:33:11","guid":{"rendered":"https:\/\/plateformes-de-veille.org\/index.php\/produit\/cortext\/"},"modified":"2024-04-08T22:25:07","modified_gmt":"2024-04-08T20:25:07","slug":"cortext","status":"publish","type":"product","link":"https:\/\/plateformes-de-veille.org\/index.php\/produit\/cortext\/","title":{"rendered":"CorTexT"},"content":{"rendered":"<p>Historique\u00a0: Au cours des trois derni\u00e8res d\u00e9cennies, que ce soit sous forme de documents, de bases de donn\u00e9es, ou de contenus en ligne y compris provenant des m\u00e9dias sociaux, les traces num\u00e9riques associ\u00e9es aux services qui les proposent ont connu une croissance en volume extr\u00eamement soutenue, une large diversification des secteurs, ainsi qu\u2019une \u00e9conomie et une politique de l\u2019attention aux traces. Ce tournant num\u00e9rique a conduit progressivement les chercheurs en Sciences Humaines et Sociales (SHS) \u00e0 red\u00e9finir leurs objets, m\u00e9thodes, et comp\u00e9tences. Cela a touch\u00e9, notamment et de fa\u00e7on pionni\u00e8re, les travaux portant sur l\u2019\u00e9tude des Sciences, des Techniques, et de l\u2019Innovation en Soci\u00e9t\u00e9, ainsi que sur leur mise en politiques, en d\u00e9bats et en controverses.<br \/>\nCe tournant a conduit \u00e0 ouvrir de nouveaux terrains d\u2019\u00e9tudes et \u00e0 renouveler bien des questions de recherche. Il a aussi conduit les chercheurs \u00e0 questionner le rapport de leurs connaissances \u00e0 la question de leur production, de leur mobilisation et usages en soci\u00e9t\u00e9 mais aussi pour les d\u00e9cideurs et acteurs de la science ouverte. Au croisement de ces deux effets la plateforme CorTexT a fray\u00e9 un chemin \u00e0 la fois humain, scientifique et technologique pour fonder un v\u00e9ritable instrument de recherche p\u00e9renne et reconnu.<\/p>\n<p>https:\/\/www.youtube.com\/watch?v=grcFSyXxmJU et https:\/\/www.youtube.com\/watch?v=cHK_cN57cxk<\/p>\n","protected":false},"excerpt":{"rendered":"<p>Un instrument de recherche en sciences sociales<\/p>\n","protected":false},"featured_media":1727,"template":"","meta":[],"product_brand":[],"product_cat":[15],"product_tag":[],"class_list":{"0":"post-7027","1":"product","2":"type-product","3":"status-publish","4":"has-post-thumbnail","6":"product_cat-non-classe","8":"first","9":"instock","10":"shipping-taxable","11":"product-type-simple"},"_links":{"self":[{"href":"https:\/\/plateformes-de-veille.org\/index.php\/wp-json\/wp\/v2\/product\/7027","targetHints":{"allow":["GET"]}}],"collection":[{"href":"https:\/\/plateformes-de-veille.org\/index.php\/wp-json\/wp\/v2\/product"}],"about":[{"href":"https:\/\/plateformes-de-veille.org\/index.php\/wp-json\/wp\/v2\/types\/product"}],"wp:featuredmedia":[{"embeddable":true,"href":"https:\/\/plateformes-de-veille.org\/index.php\/wp-json\/wp\/v2\/media\/1727"}],"wp:attachment":[{"href":"https:\/\/plateformes-de-veille.org\/index.php\/wp-json\/wp\/v2\/media?parent=7027"}],"wp:term":[{"taxonomy":"product_brand","embeddable":true,"href":"https:\/\/plateformes-de-veille.org\/index.php\/wp-json\/wp\/v2\/product_brand?post=7027"},{"taxonomy":"product_cat","embeddable":true,"href":"https:\/\/plateformes-de-veille.org\/index.php\/wp-json\/wp\/v2\/product_cat?post=7027"},{"taxonomy":"product_tag","embeddable":true,"href":"https:\/\/plateformes-de-veille.org\/index.php\/wp-json\/wp\/v2\/product_tag?post=7027"}],"curies":[{"name":"wp","href":"https:\/\/api.w.org\/{rel}","templated":true}]}}