{"id":7026,"date":"2024-04-08T21:33:11","date_gmt":"2024-04-08T19:33:11","guid":{"rendered":"https:\/\/plateformes-de-veille.org\/index.php\/produit\/aleph-search\/"},"modified":"2024-04-08T22:25:05","modified_gmt":"2024-04-08T20:25:05","slug":"aleph-search","status":"publish","type":"product","link":"https:\/\/plateformes-de-veille.org\/index.php\/produit\/aleph-search\/","title":{"rendered":"Aleph Search"},"content":{"rendered":"<p>Historique\u00a0: Offrir une technologie de moteur de recherche permettant de produire un outil qui r\u00e9pond \u00e0 des besoins non couverts. 1. Moteur de Recherche dans le Dark Web et un moteur e recherche dans le Clear Web permettant d&rsquo;adresser 1,6 milliard de sources de mani\u00e8re agnostique.<br \/>\nAtouts\u00a0: Offre L\u00e9gale, P\u00e9rim\u00e8tre le plus complet du march\u00e9, Historiques des donn\u00e9es (depuis 2014)<br \/>\nType d\u2019utilisateurs\u00a0: RSSI, DSI, CERT, Direction Suret\u00e9, Conformit\u00e9<br \/>\nD\u00e9veloppements futurs\u00a0: Technologie \/ Projets MINARM<\/p>\n<p>Aleph Search (Dark Web)<\/p>\n<p><a href=\"https:\/\/www.youtube.com\/watch?v=lHDaDbA1LuA\">https:\/\/www.youtube.com\/watch?v=lHDaDbA1LuA<\/a><\/p>\n<p>Aleph Search (Clear Web)<\/p>\n<p><iframe loading=\"lazy\" title=\"Use Case Aleph Search Clear - Aleph Networks\" width=\"980\" height=\"551\" src=\"https:\/\/www.youtube.com\/embed\/ZJJduI4bpdI?feature=oembed\" frameborder=\"0\" allow=\"accelerometer; autoplay; clipboard-write; encrypted-media; gyroscope; picture-in-picture; web-share\" referrerpolicy=\"strict-origin-when-cross-origin\" allowfullscreen><\/iframe><\/p>\n","protected":false},"excerpt":{"rendered":"<p>Leader Europ\u00e9en de l&rsquo;OSINT sur toutes les couches du web (Dark, Deep et Clear Web) conforme \u00e0 la l\u00e9gislation Fran\u00e7aise.<\/p>\n","protected":false},"featured_media":1717,"template":"","meta":[],"product_brand":[],"product_cat":[15],"product_tag":[],"class_list":{"0":"post-7026","1":"product","2":"type-product","3":"status-publish","4":"has-post-thumbnail","6":"product_cat-non-classe","8":"first","9":"instock","10":"shipping-taxable","11":"product-type-simple"},"_links":{"self":[{"href":"https:\/\/plateformes-de-veille.org\/index.php\/wp-json\/wp\/v2\/product\/7026","targetHints":{"allow":["GET"]}}],"collection":[{"href":"https:\/\/plateformes-de-veille.org\/index.php\/wp-json\/wp\/v2\/product"}],"about":[{"href":"https:\/\/plateformes-de-veille.org\/index.php\/wp-json\/wp\/v2\/types\/product"}],"wp:featuredmedia":[{"embeddable":true,"href":"https:\/\/plateformes-de-veille.org\/index.php\/wp-json\/wp\/v2\/media\/1717"}],"wp:attachment":[{"href":"https:\/\/plateformes-de-veille.org\/index.php\/wp-json\/wp\/v2\/media?parent=7026"}],"wp:term":[{"taxonomy":"product_brand","embeddable":true,"href":"https:\/\/plateformes-de-veille.org\/index.php\/wp-json\/wp\/v2\/product_brand?post=7026"},{"taxonomy":"product_cat","embeddable":true,"href":"https:\/\/plateformes-de-veille.org\/index.php\/wp-json\/wp\/v2\/product_cat?post=7026"},{"taxonomy":"product_tag","embeddable":true,"href":"https:\/\/plateformes-de-veille.org\/index.php\/wp-json\/wp\/v2\/product_tag?post=7026"}],"curies":[{"name":"wp","href":"https:\/\/api.w.org\/{rel}","templated":true}]}}