{"id":49,"date":"2021-03-18T17:31:29","date_gmt":"2021-03-18T16:31:29","guid":{"rendered":"http:\/\/plateformes-de-veille.org\/?page_id=49"},"modified":"2022-12-15T22:34:42","modified_gmt":"2022-12-15T21:34:42","slug":"notre-etude","status":"publish","type":"page","link":"https:\/\/plateformes-de-veille.org\/index.php\/notre-etude\/","title":{"rendered":"Notre \u00e9tude"},"content":{"rendered":"\n<p>Notre \u00e9tude est d\u00e9sormais publi\u00e9e dans la revue I2D : <a href=\"https:\/\/www.cairn.info\/revue-i2d-information-donnees-et-documents-2022-2.htm\">https:\/\/www.cairn.info\/revue-i2d-information-donnees-et-documents-2022-2.htm<\/a><\/p>\n\n\n\n<p>Nos documents de travail restent accessibles jusqu\u2019\u00e0 la prochaine actualisation de notre enqu\u00eate.<\/p>\n\n\n\n<p>Voici \u00e9galement <a rel=\"noreferrer noopener\" href=\"https:\/\/docs.google.com\/presentation\/d\/1xAsA1CzqhbGVWQBpWtfAAOF1PHF4gwTjw3TbFRSmWow\/edit?usp=sharing\" data-type=\"URL\" data-id=\"https:\/\/docs.google.com\/presentation\/d\/1xAsA1CzqhbGVWQBpWtfAAOF1PHF4gwTjw3TbFRSmWow\/edit?usp=sharing\" target=\"_blank\">un diaporama de pr\u00e9sentation<\/a>.<\/p>\n\n\n\n<iframe loading=\"lazy\" src=\"https:\/\/www.veillemag.com\/embed\/4300\/?title=1&#038;auteur=1&#038;\" width=\"560\" height=\"315\" frameborder=\"0\" webkitAllowFullScreen allowFullScreen><\/iframe><p><a href=\"https:\/\/www.veillemag.com\/videos\/_v4300.html\">Video. Temps fort. Nouveau panorama des plateformes de veille. Par Mathieu Andro<\/a><\/p><p><\/p>\n\n\n\n<figure class=\"wp-block-embed is-type-wp-embed is-provider-plateformes-de-veille-org wp-block-embed-plateformes-de-veille-org\"><div class=\"wp-block-embed__wrapper\">\n<blockquote class=\"wp-embedded-content\" data-secret=\"x3Ms098aYO\"><a href=\"https:\/\/plateformes-de-veille.org\/index.php\/nos-analyses-des-reponses-des-editeurs\/\">Nos analyses des r\u00e9ponses des \u00e9diteurs<\/a><\/blockquote><iframe loading=\"lazy\" class=\"wp-embedded-content\" sandbox=\"allow-scripts\" security=\"restricted\" style=\"position: absolute; clip: rect(1px, 1px, 1px, 1px);\" title=\"\u00ab\u00a0Nos analyses des r\u00e9ponses des \u00e9diteurs\u00a0\u00bb &#8212; Plateformes-de-veille.org\" src=\"https:\/\/plateformes-de-veille.org\/index.php\/nos-analyses-des-reponses-des-editeurs\/embed\/#?secret=x3Ms098aYO\" data-secret=\"x3Ms098aYO\" width=\"600\" height=\"338\" frameborder=\"0\" marginwidth=\"0\" marginheight=\"0\" scrolling=\"no\"><\/iframe>\n<\/div><\/figure>\n\n\n\n<figure class=\"wp-block-embed is-type-wp-embed is-provider-plateformes-de-veille-org wp-block-embed-plateformes-de-veille-org\"><div class=\"wp-block-embed__wrapper\">\n<blockquote class=\"wp-embedded-content\" data-secret=\"iiP0mozl0S\"><a href=\"https:\/\/plateformes-de-veille.org\/index.php\/nos-analyses-des-reponses-des-veilleurs\/\">Nos analyses des r\u00e9ponses des veilleurs<\/a><\/blockquote><iframe loading=\"lazy\" class=\"wp-embedded-content\" sandbox=\"allow-scripts\" security=\"restricted\" style=\"position: absolute; clip: rect(1px, 1px, 1px, 1px);\" title=\"\u00ab\u00a0Nos analyses des r\u00e9ponses des veilleurs\u00a0\u00bb &#8212; Plateformes-de-veille.org\" src=\"https:\/\/plateformes-de-veille.org\/index.php\/nos-analyses-des-reponses-des-veilleurs\/embed\/#?secret=iiP0mozl0S\" data-secret=\"iiP0mozl0S\" width=\"600\" height=\"338\" frameborder=\"0\" marginwidth=\"0\" marginheight=\"0\" scrolling=\"no\"><\/iframe>\n<\/div><\/figure>\n","protected":false},"excerpt":{"rendered":"<p>Notre \u00e9tude est d\u00e9sormais publi\u00e9e dans la revue I2D : https:\/\/www.cairn.info\/revue-i2d-information-donnees-et-documents-2022-2.htm Nos documents de travail restent accessibles jusqu\u2019\u00e0 la prochaine actualisation de notre enqu\u00eate. Voici \u00e9galement un diaporama de pr\u00e9sentation. Video. Temps fort. Nouveau panorama des plateformes de veille. Par Mathieu Andro<\/p>\n","protected":false},"author":1,"featured_media":0,"parent":0,"menu_order":0,"comment_status":"closed","ping_status":"closed","template":"template-fullwidth.php","meta":{"footnotes":""},"class_list":["post-49","page","type-page","status-publish","hentry"],"_links":{"self":[{"href":"https:\/\/plateformes-de-veille.org\/index.php\/wp-json\/wp\/v2\/pages\/49","targetHints":{"allow":["GET"]}}],"collection":[{"href":"https:\/\/plateformes-de-veille.org\/index.php\/wp-json\/wp\/v2\/pages"}],"about":[{"href":"https:\/\/plateformes-de-veille.org\/index.php\/wp-json\/wp\/v2\/types\/page"}],"author":[{"embeddable":true,"href":"https:\/\/plateformes-de-veille.org\/index.php\/wp-json\/wp\/v2\/users\/1"}],"replies":[{"embeddable":true,"href":"https:\/\/plateformes-de-veille.org\/index.php\/wp-json\/wp\/v2\/comments?post=49"}],"version-history":[{"count":13,"href":"https:\/\/plateformes-de-veille.org\/index.php\/wp-json\/wp\/v2\/pages\/49\/revisions"}],"predecessor-version":[{"id":4032,"href":"https:\/\/plateformes-de-veille.org\/index.php\/wp-json\/wp\/v2\/pages\/49\/revisions\/4032"}],"wp:attachment":[{"href":"https:\/\/plateformes-de-veille.org\/index.php\/wp-json\/wp\/v2\/media?parent=49"}],"curies":[{"name":"wp","href":"https:\/\/api.w.org\/{rel}","templated":true}]}}