{"id":2304,"date":"2021-09-30T16:25:08","date_gmt":"2021-09-30T14:25:08","guid":{"rendered":"https:\/\/plateformes-de-veille.org\/?page_id=2304"},"modified":"2022-12-15T22:35:25","modified_gmt":"2022-12-15T21:35:25","slug":"nos-analyses-des-reponses-des-editeurs","status":"publish","type":"page","link":"https:\/\/plateformes-de-veille.org\/index.php\/nos-analyses-des-reponses-des-editeurs\/","title":{"rendered":"Nos analyses des r\u00e9ponses des \u00e9diteurs"},"content":{"rendered":"\n<p>Notre \u00e9tude est d\u00e9sormais publi\u00e9e dans la revue I2D : <a href=\"https:\/\/www.cairn.info\/revue-i2d-information-donnees-et-documents-2022-2.htm\" target=\"_blank\" rel=\"noreferrer noopener\">https:\/\/www.cairn.info\/revue-i2d-information-donnees-et-documents-2022-2.htm<\/a><\/p>\n\n\n\n<p>Notre <a rel=\"noreferrer noopener\" href=\"https:\/\/docs.google.com\/document\/d\/1xvm5yLVNaPHuBXIAVHHO3ZY5y4L2hqGZbzARc6aY5gY\/edit?usp=sharing\" target=\"_blank\">document<\/a> de travail reste accessible jusqu&rsquo;\u00e0 la prochaine actualisation de notre enqu\u00eate.<\/p>\n\n\n\n<iframe loading=\"lazy\" src=\"https:\/\/docs.google.com\/document\/d\/1xvm5yLVNaPHuBXIAVHHO3ZY5y4L2hqGZbzARc6aY5gY\/edit?usp=sharing\" width=\"100%\" height=\"1500\"><\/iframe>\n","protected":false},"excerpt":{"rendered":"<p>Notre \u00e9tude est d\u00e9sormais publi\u00e9e dans la revue I2D : https:\/\/www.cairn.info\/revue-i2d-information-donnees-et-documents-2022-2.htm Notre document de travail reste accessible jusqu&rsquo;\u00e0 la prochaine actualisation de notre enqu\u00eate.<\/p>\n","protected":false},"author":1,"featured_media":0,"parent":0,"menu_order":0,"comment_status":"closed","ping_status":"closed","template":"","meta":{"footnotes":""},"class_list":["post-2304","page","type-page","status-publish","hentry"],"_links":{"self":[{"href":"https:\/\/plateformes-de-veille.org\/index.php\/wp-json\/wp\/v2\/pages\/2304","targetHints":{"allow":["GET"]}}],"collection":[{"href":"https:\/\/plateformes-de-veille.org\/index.php\/wp-json\/wp\/v2\/pages"}],"about":[{"href":"https:\/\/plateformes-de-veille.org\/index.php\/wp-json\/wp\/v2\/types\/page"}],"author":[{"embeddable":true,"href":"https:\/\/plateformes-de-veille.org\/index.php\/wp-json\/wp\/v2\/users\/1"}],"replies":[{"embeddable":true,"href":"https:\/\/plateformes-de-veille.org\/index.php\/wp-json\/wp\/v2\/comments?post=2304"}],"version-history":[{"count":5,"href":"https:\/\/plateformes-de-veille.org\/index.php\/wp-json\/wp\/v2\/pages\/2304\/revisions"}],"predecessor-version":[{"id":4033,"href":"https:\/\/plateformes-de-veille.org\/index.php\/wp-json\/wp\/v2\/pages\/2304\/revisions\/4033"}],"wp:attachment":[{"href":"https:\/\/plateformes-de-veille.org\/index.php\/wp-json\/wp\/v2\/media?parent=2304"}],"curies":[{"name":"wp","href":"https:\/\/api.w.org\/{rel}","templated":true}]}}