{"id":23,"date":"2021-03-18T16:51:37","date_gmt":"2021-03-18T15:51:37","guid":{"rendered":"http:\/\/plateformes-de-veille.org\/?page_id=23"},"modified":"2024-04-25T10:01:36","modified_gmt":"2024-04-25T08:01:36","slug":"qui-sommes-nous","status":"publish","type":"page","link":"https:\/\/plateformes-de-veille.org\/index.php\/qui-sommes-nous\/","title":{"rendered":"Qui sommes-nous ?"},"content":{"rendered":"\n<div class=\"wp-block-media-text alignwide is-stacked-on-mobile\" style=\"grid-template-columns:25% auto\"><figure class=\"wp-block-media-text__media\"><img loading=\"lazy\" decoding=\"async\" width=\"411\" height=\"491\" src=\"http:\/\/plateformes-de-veille.org\/wp-content\/uploads\/2021\/03\/MathieuAndro3.jpg\" alt=\"\" class=\"wp-image-120 size-full\" srcset=\"https:\/\/plateformes-de-veille.org\/wp-content\/uploads\/2021\/03\/MathieuAndro3.jpg 411w, https:\/\/plateformes-de-veille.org\/wp-content\/uploads\/2021\/03\/MathieuAndro3-241x288.jpg 241w, https:\/\/plateformes-de-veille.org\/wp-content\/uploads\/2021\/03\/MathieuAndro3-251x300.jpg 251w\" sizes=\"auto, (max-width: 411px) 100vw, 411px\" \/><\/figure><div class=\"wp-block-media-text__content\">\n<h2 class=\"wp-block-heading\">Mathieu Andro<\/h2>\n\n\n\n<p>Docteur en sciences de l\u2019information et de la communication (th\u00e8se sur le crowdsourcing soutenue \u00e0 Paris 8 en 2016), Mathieu Andro est actuellement animateur du r\u00e9seau de veille des Services du Premier ministre. Auparavant, il a travaill\u00e9 pour les biblioth\u00e8ques du Mus\u00e9um national d&rsquo;Histoire naturelle, dirig\u00e9 celle de l\u2019\u00c9cole Nationale V\u00e9t\u00e9rinaire de Toulouse, conduit les projets de num\u00e9risation de la Biblioth\u00e8que Sainte-Genevi\u00e8ve, puis d\u00e9velopp\u00e9 des services de text mining \u00e0 l&rsquo;Institut national de la recherche agronomique avant de devenir chef d\u2019une division sp\u00e9cialis\u00e9e dans la veille \u00e0 la Cour des comptes.<\/p>\n\n\n\n<p>Il est l\u2019auteur de plus de 50 publications sur les biblioth\u00e8ques num\u00e9riques, le crowdsourcing, le text mining, la veille et l\u2019open access.<\/p>\n\n\n\n<p>Son CV d\u00e9taill\u00e9 est disponible sur <a rel=\"noreferrer noopener\" href=\"https:\/\/bibliotheque-numerique.fr\" target=\"_blank\">bibliotheque-numerique.fr<\/a><\/p>\n<\/div><\/div>\n\n\n\n<hr class=\"wp-block-separator has-css-opacity\"\/>\n\n\n\n<div class=\"wp-block-media-text alignwide is-stacked-on-mobile\" style=\"grid-template-columns:26% auto\"><figure class=\"wp-block-media-text__media\"><img loading=\"lazy\" decoding=\"async\" width=\"489\" height=\"480\" src=\"https:\/\/plateformes-de-veille.org\/wp-content\/uploads\/2021\/03\/VA-j-bondu-NB.jpg\" alt=\"\" class=\"wp-image-122 size-full\" srcset=\"https:\/\/plateformes-de-veille.org\/wp-content\/uploads\/2021\/03\/VA-j-bondu-NB.jpg 489w, https:\/\/plateformes-de-veille.org\/wp-content\/uploads\/2021\/03\/VA-j-bondu-NB-241x237.jpg 241w, https:\/\/plateformes-de-veille.org\/wp-content\/uploads\/2021\/03\/VA-j-bondu-NB-416x408.jpg 416w, https:\/\/plateformes-de-veille.org\/wp-content\/uploads\/2021\/03\/VA-j-bondu-NB-300x294.jpg 300w\" sizes=\"auto, (max-width: 489px) 100vw, 489px\" \/><\/figure><div class=\"wp-block-media-text__content\">\n<h2 class=\"wp-block-heading\">J\u00e9r\u00f4me Bondu<\/h2>\n\n\n\n<p>Titulaire d&rsquo;une triple formation de troisi\u00e8me cycle (DEA en sciences humaines, DESS de gestion, et Master en intelligence \u00e9conomique), J\u00e9r\u00f4me Bondu exerce depuis plus de 11 ans dans le domaine de la veille. Il a r\u00e9alis\u00e9 le premier benchmarking des pratiques d&rsquo;intelligence \u00e9conomique. Ce travail, qui a fait date, a \u00e9t\u00e9 s\u00e9lectionn\u00e9 en 2001 pour l\u2019attribution du Prix IEC qui r\u00e9compense les meilleurs travaux en IE. Il a dirig\u00e9 l&rsquo;Institut Fran\u00e7ais d&rsquo;Intelligence Economique. Puis a \u00e9t\u00e9 responsable marketing-communication chez un \u00e9diteur de solution de veille, avant de fonder d\u00e9but 2008 Inter-Ligere.<br>Il est ancien auditeur de la session IE de l&rsquo;IHEDN (Institut des Hautes Etudes de D\u00e9fense Nationale) et pr\u00e9side le Club IES (IAE de Paris Alumni) au sein duquel il a organis\u00e9 depuis 15 ans 130 conf\u00e9rences. Il anime l\u2019\u00e9mission \u00ab\u00a0Strat\u00e9gie et Intelligence Economique\u00a0\u00bb de la Web TV ActuEntreprise.<\/p>\n\n\n\n<p><a href=\"https:\/\/www.inter-ligere.fr\/\">https:\/\/www.inter-ligere.fr<\/a><\/p>\n<\/div><\/div>\n\n\n\n<hr class=\"wp-block-separator has-css-opacity\"\/>\n\n\n\n<div class=\"wp-block-media-text alignwide is-stacked-on-mobile\" style=\"grid-template-columns:27% auto\"><figure class=\"wp-block-media-text__media\"><img loading=\"lazy\" decoding=\"async\" width=\"121\" height=\"165\" src=\"https:\/\/plateformes-de-veille.org\/wp-content\/uploads\/2021\/03\/Corinne_Dupin_s.jpg\" alt=\"\" class=\"wp-image-124 size-full\"\/><\/figure><div class=\"wp-block-media-text__content\">\n<h2 class=\"wp-block-heading\">Corinne Dupin<\/h2>\n\n\n\n<p>Professionnelle de l\u2019information depuis plus d\u2019une vingtaine d\u2019ann\u00e9es, Corinne Dupin a exerc\u00e9 le m\u00e9tier de courtier en information, knowledge manager, responsable de la veille dans des environnements essentiellement conseil et marketing. Consultante au sein de l\u2019agence Help Management pendant quelques ann\u00e9es, elle effectue aujourd\u2019hui des missions d\u2019accompagnement de projet, conseil expert et formation au sein du cabinet Ourouk <a rel=\"noreferrer noopener\" href=\"http:\/\/www.ourouk.fr\" target=\"_blank\">http:\/\/www.ourouk.fr<\/a><\/p>\n\n\n\n<p>Si son domaine d\u2019intervention privil\u00e9gi\u00e9 est la veille, elle \u00e9tend de plus en plus le champ de ses activit\u00e9s au knowledge management et, de fa\u00e7on plus globale, \u00e0 l\u2019accompagnement du changement induit par le num\u00e9rique.<\/p>\n\n\n\n<p>De profil litt\u00e9raire, elle alimente un compte twitter d\u00e9di\u00e9 aux bouleversements op\u00e9r\u00e9s par le num\u00e9rique sur l\u2019\u00e9conomie du contenu (<a href=\"http:\/\/twitter.com\/corinnedupin\" target=\"_blank\" rel=\"noreferrer noopener\">http:\/\/twitter.com\/corinnedupin<\/a>).<\/p>\n<\/div><\/div>\n\n\n\n<hr class=\"wp-block-separator has-css-opacity\"\/>\n\n\n\n<div class=\"wp-block-media-text alignwide is-stacked-on-mobile\" style=\"grid-template-columns:28% auto\"><figure class=\"wp-block-media-text__media\"><img loading=\"lazy\" decoding=\"async\" width=\"1024\" height=\"1024\" src=\"https:\/\/plateformes-de-veille.org\/wp-content\/uploads\/2021\/03\/IMG_8825_3-1024x1024-1-1024x1024.jpg\" alt=\"\" class=\"wp-image-126 size-full\" srcset=\"https:\/\/plateformes-de-veille.org\/wp-content\/uploads\/2021\/03\/IMG_8825_3-1024x1024-1.jpg 1024w, https:\/\/plateformes-de-veille.org\/wp-content\/uploads\/2021\/03\/IMG_8825_3-1024x1024-1-241x241.jpg 241w, https:\/\/plateformes-de-veille.org\/wp-content\/uploads\/2021\/03\/IMG_8825_3-1024x1024-1-100x100.jpg 100w, https:\/\/plateformes-de-veille.org\/wp-content\/uploads\/2021\/03\/IMG_8825_3-1024x1024-1-530x530.jpg 530w, https:\/\/plateformes-de-veille.org\/wp-content\/uploads\/2021\/03\/IMG_8825_3-1024x1024-1-300x300.jpg 300w, https:\/\/plateformes-de-veille.org\/wp-content\/uploads\/2021\/03\/IMG_8825_3-1024x1024-1-150x150.jpg 150w, https:\/\/plateformes-de-veille.org\/wp-content\/uploads\/2021\/03\/IMG_8825_3-1024x1024-1-768x768.jpg 768w\" sizes=\"auto, (max-width: 1024px) 100vw, 1024px\" \/><\/figure><div class=\"wp-block-media-text__content\">\n<h2 class=\"wp-block-heading\">Christophe Deschamps<\/h2>\n\n\n\n<p>Apr\u00e8s avoir \u00e9t\u00e9 responsable de veille strat\u00e9gique en entreprise, je suis depuis 15 ans consultant et formateur en veille, gestion des connaissances et intelligence \u00e9conomique. Passionn\u00e9 de mindmapping, j\u2019assure \u00e9galement des formations sur ce th\u00e8me en l\u2019adaptant aux m\u00e9tiers de l\u2019information.<\/p>\n\n\n\n<p>&nbsp;J\u2019enseigne depuis 15 ans ces mati\u00e8res dans plusieurs formations en intelligence \u00e9conomique (dont l\u2019<a href=\"http:\/\/iae.univ-poitiers.fr\/fr\/master-2-intelligence-economique-communication-strategique\" target=\"_blank\" rel=\"noreferrer noopener\">IAE de Poitiers<\/a>&nbsp;entre 2001 et 2015,&nbsp; l\u2019<a href=\"http:\/\/mastere-risque-territoire.eisti.fr\/?q=node\/4\" target=\"_blank\" rel=\"noreferrer noopener\">EISTI<\/a>&nbsp;entre 2009 et 2013,&nbsp;<a href=\"http:\/\/www.hesge.ch\/heg\/formation-continue\/das\/ievs\/accueil\" target=\"_blank\" rel=\"noreferrer noopener\">HEG Gen\u00e8ve<\/a>&nbsp;depuis 2009 et l\u2019<a href=\"http:\/\/www.ileri.fr\/\">ILERI<\/a>&nbsp;depuis 2019) et j\u2019\u00e9cris r\u00e9guli\u00e8rement dans des revues sp\u00e9cialis\u00e9es (<a href=\"http:\/\/www.adbs.fr\/documentaliste-sciences-de-l-information-136069.htm?RH=REVUE&amp;RF=REVUE\">Documentaliste \u2013 Sciences de l\u2019information<\/a>,&nbsp;<a href=\"http:\/\/www.archimag.com\/\">Archimag<\/a>,&nbsp;<a href=\"http:\/\/lettres.abondance.com\/rechref.html\">La Lettre R\u00e9acteur (Abondance)<\/a>).<\/p>\n\n\n\n<p>Ce blog existe depuis 2003 (avec quelques intermittences\u2026).<\/p>\n\n\n\n<p><strong>Ouvrages publi\u00e9s :<\/strong><\/p>\n\n\n\n<ul class=\"wp-block-list\">\n<li>\u00ab\u00a0<a href=\"http:\/\/www.outilsfroids.net\/le-nouveau-management-de-linformation\/\">Le nouveau management de l\u2019information. La gestion des connaissances au c\u0153ur de l\u2019entreprise 2.0<\/a>\u00a0\u00bb (FYP Editions) \u2013 2009<\/li>\n\n\n\n<li>\u00ab\u00a0<a href=\"http:\/\/www.outilsfroids.net\/organisez-vos-donnees-personnelles\/\">Organisez vos donn\u00e9es personnelles \u2013 L\u2019essentiel du Personal Knowledge Management<\/a>\u00a0\u00bb (Eyrolles) avec Xavier Delengaigne et Pierre Mongin \u2013 2011<\/li>\n\n\n\n<li>\u00ab\u00a0<a href=\"http:\/\/www.outilsfroids.net\/la-boite-a-outils-de-lintelligence-economique\/\">La bo\u00eete \u00e0 outils de l\u2019intelligence \u00e9conomique<\/a>\u00a0\u00bb (Dunod) avec Nicolas Moinet \u2013 2011<\/li>\n<\/ul>\n<\/div><\/div>\n\n\n\n<hr class=\"wp-block-separator has-css-opacity\"\/>\n\n\n\n<div class=\"wp-block-media-text is-stacked-on-mobile\" style=\"grid-template-columns:29% auto\"><figure class=\"wp-block-media-text__media\"><img loading=\"lazy\" decoding=\"async\" width=\"683\" height=\"1024\" src=\"https:\/\/plateformes-de-veille.org\/wp-content\/uploads\/2024\/04\/JEHAN_Arnaud_1-683x1024.jpg\" alt=\"\" class=\"wp-image-7218 size-full\" srcset=\"https:\/\/plateformes-de-veille.org\/wp-content\/uploads\/2024\/04\/JEHAN_Arnaud_1-683x1024.jpg 683w, https:\/\/plateformes-de-veille.org\/wp-content\/uploads\/2024\/04\/JEHAN_Arnaud_1-200x300.jpg 200w, https:\/\/plateformes-de-veille.org\/wp-content\/uploads\/2024\/04\/JEHAN_Arnaud_1-768x1152.jpg 768w, https:\/\/plateformes-de-veille.org\/wp-content\/uploads\/2024\/04\/JEHAN_Arnaud_1-1024x1536.jpg 1024w, https:\/\/plateformes-de-veille.org\/wp-content\/uploads\/2024\/04\/JEHAN_Arnaud_1-1365x2048.jpg 1365w, https:\/\/plateformes-de-veille.org\/wp-content\/uploads\/2024\/04\/JEHAN_Arnaud_1-241x362.jpg 241w, https:\/\/plateformes-de-veille.org\/wp-content\/uploads\/2024\/04\/JEHAN_Arnaud_1-530x795.jpg 530w, https:\/\/plateformes-de-veille.org\/wp-content\/uploads\/2024\/04\/JEHAN_Arnaud_1-scaled.jpg 1707w\" sizes=\"auto, (max-width: 683px) 100vw, 683px\" \/><\/figure><div class=\"wp-block-media-text__content\">\n<h2 class=\"wp-block-heading\">Arnaud Jehan<\/h2>\n\n\n\n<p>Apr\u00e8s une formation initiale en \u00e9conomie-gestion, il s&rsquo;est orient\u00e9 vers les m\u00e9tiers de la gestion de l&rsquo;information (IUT Dijon, HAW Hambourg). Au cours de sa carri\u00e8re, il a exerc\u00e9 dans des secteurs vari\u00e9s (audiovisuel, \u00e9nergie, BTP). Une formation suppl\u00e9mentaire \u00e0 l&rsquo;EBD en 2021-2022 lui a permis de d\u00e9couvrir les m\u00e9tiers de la veille. Actuellement en poste dans les services du Premier ministre (Direction des services administratifs et financiers) comme documentaliste-veilleur, il rejoindra en juin 2024 les \u00e9quipes du minist\u00e8re de l&rsquo;\u00e9conomie et des finances.<\/p>\n\n\n\n<p><a href=\"https:\/\/www.linkedin.com\/in\/arnaudjehan\">https:\/\/www.linkedin.com\/in\/arnaudjehan<\/a><\/p>\n<\/div><\/div>\n","protected":false},"excerpt":{"rendered":"<p>Mathieu Andro Docteur en sciences de l\u2019information et de la communication (th\u00e8se sur le crowdsourcing soutenue \u00e0 Paris 8 en 2016), Mathieu Andro est actuellement animateur du r\u00e9seau de veille des Services du Premier ministre. Auparavant, il a travaill\u00e9 pour les biblioth\u00e8ques du Mus\u00e9um national d&rsquo;Histoire naturelle, dirig\u00e9 celle de l\u2019\u00c9cole Nationale V\u00e9t\u00e9rinaire de Toulouse, [&hellip;]<\/p>\n","protected":false},"author":1,"featured_media":0,"parent":0,"menu_order":0,"comment_status":"closed","ping_status":"closed","template":"template-fullwidth.php","meta":{"footnotes":""},"class_list":["post-23","page","type-page","status-publish","hentry"],"_links":{"self":[{"href":"https:\/\/plateformes-de-veille.org\/index.php\/wp-json\/wp\/v2\/pages\/23","targetHints":{"allow":["GET"]}}],"collection":[{"href":"https:\/\/plateformes-de-veille.org\/index.php\/wp-json\/wp\/v2\/pages"}],"about":[{"href":"https:\/\/plateformes-de-veille.org\/index.php\/wp-json\/wp\/v2\/types\/page"}],"author":[{"embeddable":true,"href":"https:\/\/plateformes-de-veille.org\/index.php\/wp-json\/wp\/v2\/users\/1"}],"replies":[{"embeddable":true,"href":"https:\/\/plateformes-de-veille.org\/index.php\/wp-json\/wp\/v2\/comments?post=23"}],"version-history":[{"count":13,"href":"https:\/\/plateformes-de-veille.org\/index.php\/wp-json\/wp\/v2\/pages\/23\/revisions"}],"predecessor-version":[{"id":7221,"href":"https:\/\/plateformes-de-veille.org\/index.php\/wp-json\/wp\/v2\/pages\/23\/revisions\/7221"}],"wp:attachment":[{"href":"https:\/\/plateformes-de-veille.org\/index.php\/wp-json\/wp\/v2\/media?parent=23"}],"curies":[{"name":"wp","href":"https:\/\/api.w.org\/{rel}","templated":true}]}}