{"id":13,"date":"2021-03-18T16:43:40","date_gmt":"2021-03-18T15:43:40","guid":{"rendered":"http:\/\/plateformes-de-veille.org\/?page_id=13"},"modified":"2024-09-24T09:11:25","modified_gmt":"2024-09-24T07:11:25","slug":"enquete-aupres-des-editeurs-doutils-de-veille","status":"publish","type":"page","link":"https:\/\/plateformes-de-veille.org\/index.php\/enquete-aupres-des-editeurs-doutils-de-veille\/","title":{"rendered":"Enqu\u00eate aupr\u00e8s des \u00e9diteurs d&rsquo;outils de veille"},"content":{"rendered":"\n<p>Notre enqu\u00eate ouverte entre le 1er janvier et le 1er avril 2024 est d\u00e9sormais ferm\u00e9e.<\/p>\n\n\n\n<p>Voici <a href=\"https:\/\/www.bases-netsources.com\/enquete-2024-sur-les-plateformes-de-veille-quelques-mouvements-et-toujours-plus-d-ia\">notre article de restitution publi\u00e9 dans Netsources<\/a> et <a href=\"https:\/\/docs.google.com\/presentation\/d\/16mizQYzo75a7ZLd91nO2OwZlryC3rxtj1uD8cdXdQmU\/edit?usp=sharing\">nos analyses en diaporama<\/a> :<\/p>\n\n\n\n<iframe loading=\"lazy\" src=\"https:\/\/docs.google.com\/presentation\/d\/16mizQYzo75a7ZLd91nO2OwZlryC3rxtj1uD8cdXdQmU\/edit?usp=sharing\" width=\"700\" height=\"520\" frameborder=\"0\" marginheight=\"0\" marginwidth=\"0\">Chargement\u2026<\/iframe>\n\n\n\n<p>Et voici nos donn\u00e9es : <a href=\"https:\/\/www.data.gouv.fr\/fr\/datasets\/donnees-de-lenquete-2024-de-plateformes-de-veille-org\/#\/resources\">https:\/\/www.data.gouv.fr\/fr\/datasets\/donnees-de-lenquete-2024-de-plateformes-de-veille-org\/#\/resources<\/a><\/p>\n\n\n\n<div data-udata-dataset=\"6662cc45607d78a6b2dc14f9\"><\/div><script data-udata=\"https:\/\/www.data.gouv.fr\/\" src=\"https:\/\/static.data.gouv.fr\/static\/oembed.js\" async defer><\/script>\n","protected":false},"excerpt":{"rendered":"<p>Notre enqu\u00eate ouverte entre le 1er janvier et le 1er avril 2024 est d\u00e9sormais ferm\u00e9e. Voici notre article de restitution publi\u00e9 dans Netsources et nos analyses en diaporama : Chargement\u2026 Et voici nos donn\u00e9es : https:\/\/www.data.gouv.fr\/fr\/datasets\/donnees-de-lenquete-2024-de-plateformes-de-veille-org\/#\/resources<\/p>\n","protected":false},"author":1,"featured_media":0,"parent":0,"menu_order":0,"comment_status":"closed","ping_status":"closed","template":"template-fullwidth.php","meta":{"footnotes":""},"class_list":["post-13","page","type-page","status-publish","hentry"],"_links":{"self":[{"href":"https:\/\/plateformes-de-veille.org\/index.php\/wp-json\/wp\/v2\/pages\/13","targetHints":{"allow":["GET"]}}],"collection":[{"href":"https:\/\/plateformes-de-veille.org\/index.php\/wp-json\/wp\/v2\/pages"}],"about":[{"href":"https:\/\/plateformes-de-veille.org\/index.php\/wp-json\/wp\/v2\/types\/page"}],"author":[{"embeddable":true,"href":"https:\/\/plateformes-de-veille.org\/index.php\/wp-json\/wp\/v2\/users\/1"}],"replies":[{"embeddable":true,"href":"https:\/\/plateformes-de-veille.org\/index.php\/wp-json\/wp\/v2\/comments?post=13"}],"version-history":[{"count":30,"href":"https:\/\/plateformes-de-veille.org\/index.php\/wp-json\/wp\/v2\/pages\/13\/revisions"}],"predecessor-version":[{"id":8331,"href":"https:\/\/plateformes-de-veille.org\/index.php\/wp-json\/wp\/v2\/pages\/13\/revisions\/8331"}],"wp:attachment":[{"href":"https:\/\/plateformes-de-veille.org\/index.php\/wp-json\/wp\/v2\/media?parent=13"}],"curies":[{"name":"wp","href":"https:\/\/api.w.org\/{rel}","templated":true}]}}